{"id":1061,"date":"2021-05-03T09:56:45","date_gmt":"2021-05-03T09:56:45","guid":{"rendered":"http:\/\/bouassida-associates.com\/?page_id=1061"},"modified":"2021-05-04T08:21:03","modified_gmt":"2021-05-04T08:21:03","slug":"tableau-produits","status":"publish","type":"page","link":"http:\/\/bouassida-associates.com\/?page_id=1061","title":{"rendered":"Tableau Produits"},"content":{"rendered":"<h1 class=\"hero__title\">Transformez des insights en actions gr\u00e2ce \u00e0 la suite de produits\u00a0Tableau<\/h1>\n<div class=\"vc_row wpb_row row\">\n\t<div class=\"vc_col-sm-6 wpb_column vc_column_container\">\n\t\t<div class=\"wpb_wrapper\">\n\t\t\t<div class=\"services-post \">\n\t<a class=\"services-icon1\" href=\"#\" target=\"_self\"><i class=\"fa fa-calculator\"><\/i><\/a>\n\t<div class=\"services-post-content\">\n\t\t<a class=\"services-title-link\" href=\"#\" target=\"_self\"><h4>Tableau Desktop<\/h4><\/a>\n\t\t<p><\/p>\n<ul>\n<li class=\"heading-highlight\">Acc\u00e9l\u00e9rez l&rsquo;acc\u00e8s \u00e0 l&rsquo;information<\/li>\n<li class=\"heading-highlight\">Acc\u00e9dez \u00e0 plus de\u00a0donn\u00e9es<\/li>\n<li class=\"heading-highlight\">Ayez des r\u00e9ponses plus pr\u00e9cises<\/li>\n<li class=\"heading-highlight\">Cartographiez vos donn\u00e9es<\/li>\n<li class=\"heading-highlight\">Informez tous vos coll\u00e8gues<\/li>\n<li class=\"heading-highlight\">Partagez et ex\u00e9cutez des flux sur votre serveur<\/li>\n<li class=\"heading-highlight\">Planifiez vos flux<\/li>\n<li class=\"heading-highlight\">Surveillez les flux sur tout le serveur<\/p>\n\t<\/div><\/div>\n\t\t<\/div> \n\t<\/div> \n\n\t<div class=\"vc_col-sm-6 wpb_column vc_column_container\">\n\t\t<div class=\"wpb_wrapper\">\n\t\t\t\n\t<div class=\"wpb_text_column wpb_content_element \">\n\t\t<div class=\"wpb_wrapper\">\n\t\t\t\n\t\t<\/div> \n\t<\/div> <\/li>\n<\/ul>\n<p><img decoding=\"async\" loading=\"lazy\" class=\"alignnone wp-image-1062 size-large\" title=\"Voir la vid\u00e9o\" src=\"http:\/\/bouassida-associates.com\/wp-content\/uploads\/2021\/04\/Capture-decran-2021-04-29-a-22.31.47-700x440.png\" alt=\"\" width=\"700\" height=\"440\" srcset=\"http:\/\/bouassida-associates.com\/wp-content\/uploads\/2021\/04\/Capture-decran-2021-04-29-a-22.31.47-700x440.png 700w, http:\/\/bouassida-associates.com\/wp-content\/uploads\/2021\/04\/Capture-decran-2021-04-29-a-22.31.47-450x283.png 450w, http:\/\/bouassida-associates.com\/wp-content\/uploads\/2021\/04\/Capture-decran-2021-04-29-a-22.31.47-768x482.png 768w, http:\/\/bouassida-associates.com\/wp-content\/uploads\/2021\/04\/Capture-decran-2021-04-29-a-22.31.47-200x126.png 200w, http:\/\/bouassida-associates.com\/wp-content\/uploads\/2021\/04\/Capture-decran-2021-04-29-a-22.31.47-1536x965.png 1536w, http:\/\/bouassida-associates.com\/wp-content\/uploads\/2021\/04\/Capture-decran-2021-04-29-a-22.31.47-250x157.png 250w, http:\/\/bouassida-associates.com\/wp-content\/uploads\/2021\/04\/Capture-decran-2021-04-29-a-22.31.47-512x322.png 512w, http:\/\/bouassida-associates.com\/wp-content\/uploads\/2021\/04\/Capture-decran-2021-04-29-a-22.31.47.png 1656w\" sizes=\"(max-width: 700px) 100vw, 700px\" \/><\/p>\n<p>\n\t\t<\/div> \n\t<\/div> \n<\/div><div class=\"vc_row wpb_row row\">\n\t<div class=\"vc_col-sm-12 wpb_column vc_column_container\">\n\t\t<div class=\"wpb_wrapper\">\n\t\t\t<div class=\"clearfix\" style=\"height: 40px\"><\/div>\n\t\t<\/div> \n\t<\/div> \n<\/div>\n<p>\n\r\n\r\n<\/p>\r\n<p>\r\n\r\n<\/p>\r\n<div class=\"wp-block-buttons is-content-justification-center is-layout-flex\">\r\n<div class=\"wp-block-button\"><a class=\"wp-block-button__link has-text-color has-background\" style=\"border-radius: 2px; background-color: #ba0c49; color: #fffffa;\" href=\"https:\/\/www.tableau.com\/fr-fr\/products\/desktop\/download\" target=\"_blank\" rel=\"noopener\">Essai gratuit<\/a><\/div>\r\n<div class=\"wp-block-button is-style-outline\"><a class=\"wp-block-button__link has-text-color\" style=\"border-radius: 2px; color: #ba0c49;\" href=\"https:\/\/www.tableau.com\/fr-fr\/products\/desktop#video\" target=\"_blank\" rel=\"noopener\">Voir la d\u00e9monstration<\/a><\/div>\r\n<\/div>\r\n<div>\u00a0<\/div>\r\n<div>\u00a0<\/div>\r\n<div class=\"wp-block-buttons is-content-justification-center\">\r\n<div class=\"wp-block-button is-style-outline\">\r\n<div class=\"vc_row wpb_row row\">\n\t<div class=\"vc_col-sm-6 wpb_column vc_column_container\">\n\t\t<div class=\"wpb_wrapper\">\n\t\t\t<div class=\"services-post \">\n\t<a class=\"services-icon1\" href=\"#\" target=\"_self\"><i class=\"fa fa-calculator\"><\/i><\/a>\n\t<div class=\"services-post-content\">\n\t\t<a class=\"services-title-link\" href=\"#\" target=\"_self\"><h4>Tableau Server<\/h4><\/a>\n\t\t<p><\/p>\r\n<ul>\r\n<li class=\"heading-highlight\">Donn\u00e9es \u00e0 la port\u00e9e de tous, de fa\u00e7on responsable<\/li>\r\n<li class=\"heading-highlight\">Posez vos questions en langage naturel<\/li>\r\n<li class=\"heading-highlight\">Explications bas\u00e9es sur l&rsquo;intelligence artificielle<\/li>\r\n<li class=\"heading-highlight\">Toutes vos donn\u00e9es connect\u00e9es<\/li>\r\n<li class=\"heading-highlight\">La gouvernance au service des m\u00e9tiers<\/li>\r\n<li>La s\u00e9curit\u00e9 qui vous convient<\/li>\r\n<li>Un d\u00e9ploiement flexible<\/li>\r\n<li>Exploitez le potentiel de vos donn\u00e9es<\/li>\r\n<li>Une surveillance et une gestion efficaces<\/li>\r\n<li>G\u00e9rez mieux votre environnement de donn\u00e9es<\/li>\r\n<\/ul>\r\n<p><\/p>\n\t<\/div><\/div>\n\t\t<\/div> \n\t<\/div> \n\n\t<div class=\"vc_col-sm-6 wpb_column vc_column_container\">\n\t\t<div class=\"wpb_wrapper\">\n\t\t\t\n\t<div class=\"wpb_text_column wpb_content_element \">\n\t\t<div class=\"wpb_wrapper\">\n\t\t\t\n\t\t<\/div> \n\t<\/div>\r\n<p><img decoding=\"async\" loading=\"lazy\" class=\"alignnone wp-image-1088 size-large\" title=\"Voir la vid\u00e9o\" src=\"http:\/\/bouassida-associates.com\/wp-content\/uploads\/2021\/05\/Capture-decran-2021-05-03-a-12.30.53-700x421.png\" alt=\"\" width=\"700\" height=\"421\" srcset=\"http:\/\/bouassida-associates.com\/wp-content\/uploads\/2021\/05\/Capture-decran-2021-05-03-a-12.30.53-700x420.png 700w, http:\/\/bouassida-associates.com\/wp-content\/uploads\/2021\/05\/Capture-decran-2021-05-03-a-12.30.53-450x271.png 450w, http:\/\/bouassida-associates.com\/wp-content\/uploads\/2021\/05\/Capture-decran-2021-05-03-a-12.30.53-768x462.png 768w, http:\/\/bouassida-associates.com\/wp-content\/uploads\/2021\/05\/Capture-decran-2021-05-03-a-12.30.53-200x120.png 200w, http:\/\/bouassida-associates.com\/wp-content\/uploads\/2021\/05\/Capture-decran-2021-05-03-a-12.30.53-1536x925.png 1536w, http:\/\/bouassida-associates.com\/wp-content\/uploads\/2021\/05\/Capture-decran-2021-05-03-a-12.30.53-250x150.png 250w, http:\/\/bouassida-associates.com\/wp-content\/uploads\/2021\/05\/Capture-decran-2021-05-03-a-12.30.53-512x308.png 512w, http:\/\/bouassida-associates.com\/wp-content\/uploads\/2021\/05\/Capture-decran-2021-05-03-a-12.30.53.png 1874w\" sizes=\"(max-width: 700px) 100vw, 700px\" \/><\/p>\r\n<p>\n\t\t<\/div> \n\t<\/div> \n<\/div>\r\n<div class=\"vc_row wpb_row row\">\n\t<div class=\"vc_col-sm-12 wpb_column vc_column_container\">\n\t\t<div class=\"wpb_wrapper\">\n\t\t\t<div class=\"clearfix\" style=\"height: 40px\"><\/div>\n\t\t<\/div> \n\t<\/div> \n<\/div>\r\n<div class=\"wp-block-buttons is-content-justification-center\">\r\n<div class=\"wp-block-button\"><a class=\"wp-block-button__link has-text-color has-background\" style=\"border-radius: 2px; background-color: #ba0c49; color: #fffffa;\" href=\"https:\/\/www.tableau.com\/fr-fr\/products\/desktop\/download\" target=\"_blank\" rel=\"noopener\">Essai gratuit<\/a><\/div>\r\n<div class=\"wp-block-button is-style-outline\"><a class=\"wp-block-button__link has-text-color\" style=\"border-radius: 2px; color: #ba0c49;\" href=\"https:\/\/www.tableau.com\/fr-fr\/products\/server#video\" target=\"_blank\" rel=\"noopener\">Voir la d\u00e9monstration<\/a><\/div>\r\n<\/div>\r\n<\/div>\r\n<\/div>\r\n<div>\u00a0<\/div>\r\n<div class=\"wp-block-buttons is-content-justification-center\">\r\n<div>\u00a0<\/div>\r\n<div class=\"wp-block-button is-style-outline\">\r\n<div class=\"wp-block-buttons is-content-justification-center\">\r\n<div class=\"wp-block-button is-style-outline\">\r\n<div class=\"wp-block-buttons is-content-justification-center\">\r\n<div class=\"wp-block-button is-style-outline\">\r\n<div class=\"wp-block-buttons is-content-justification-center\">\r\n<div class=\"wp-block-button is-style-outline\">\r\n<div class=\"wp-block-buttons is-content-justification-center\">\r\n<div class=\"wp-block-button is-style-outline\">\r\n<div class=\"vc_row wpb_row row\">\n\t<div class=\"vc_col-sm-6 wpb_column vc_column_container\">\n\t\t<div class=\"wpb_wrapper\">\n\t\t\t<div class=\"services-post \">\n\t<a class=\"services-icon1\" href=\"#\" target=\"_self\"><i class=\"fa fa-calculator\"><\/i><\/a>\n\t<div class=\"services-post-content\">\n\t\t<a class=\"services-title-link\" href=\"#\" target=\"_self\"><h4>Tableau Online<\/h4><\/a>\n\t\t<p><\/p>\r\n<\/div>\r\n<\/div>\r\n<\/div>\r\n<\/div>\r\n<div>\r\n<ul>\r\n<li class=\"heading-highlight\">Partage et collaboration dans le\u00a0cloud<\/li>\r\n<li class=\"heading-highlight\">Oubliez les d\u00e9lais d&rsquo;installation et l&rsquo;achat de mat\u00e9riel<\/li>\r\n<li>Posez vos questions en langage naturel<\/li>\r\n<li class=\"heading-highlight\">Des explications guid\u00e9es par l&rsquo;IA<\/li>\r\n<li class=\"heading-highlight\">Interagissez, modifiez et cr\u00e9ez sur le Web<\/li>\r\n<li class=\"heading-highlight\">Acc\u00e9dez \u00e0 toutes vos donn\u00e9es, o\u00f9 que vous soyez<\/li>\r\n<li class=\"heading-highlight\">Acc\u00e8s et int\u00e9gration illimit\u00e9s<\/li>\r\n<li class=\"heading-highlight\">La s\u00e9curit\u00e9, par nature et par d\u00e9faut<\/li>\r\n<li>G\u00e9rez efficacement votre environnement de donn\u00e9es<\/li>\r\n<li>Dashboard Starters<\/li>\r\n<li>Exploitez le potentiel de vos donn\u00e9es<\/li>\r\n<\/ul>\r\n<\/div>\r\n<p><\/p>\n\t<\/div><\/div>\n\t\t<\/div> \n\t<\/div> \n\n\t<div class=\"vc_col-sm-6 wpb_column vc_column_container\">\n\t\t<div class=\"wpb_wrapper\">\n\t\t\t\n\t<div class=\"wpb_text_column wpb_content_element \">\n\t\t<div class=\"wpb_wrapper\">\n\t\t\t\n\t\t<\/div> \n\t<\/div>\r\n<p><img decoding=\"async\" loading=\"lazy\" class=\"alignnone wp-image-1093 size-large\" title=\"Voir la vid\u00e9o\" src=\"http:\/\/bouassida-associates.com\/wp-content\/uploads\/2021\/05\/Capture-decran-2021-05-03-a-12.37.31-700x363.png\" alt=\"\" width=\"700\" height=\"363\" srcset=\"http:\/\/bouassida-associates.com\/wp-content\/uploads\/2021\/05\/Capture-decran-2021-05-03-a-12.37.31-700x363.png 700w, http:\/\/bouassida-associates.com\/wp-content\/uploads\/2021\/05\/Capture-decran-2021-05-03-a-12.37.31-450x233.png 450w, http:\/\/bouassida-associates.com\/wp-content\/uploads\/2021\/05\/Capture-decran-2021-05-03-a-12.37.31-768x398.png 768w, http:\/\/bouassida-associates.com\/wp-content\/uploads\/2021\/05\/Capture-decran-2021-05-03-a-12.37.31-200x104.png 200w, http:\/\/bouassida-associates.com\/wp-content\/uploads\/2021\/05\/Capture-decran-2021-05-03-a-12.37.31-1536x797.png 1536w, http:\/\/bouassida-associates.com\/wp-content\/uploads\/2021\/05\/Capture-decran-2021-05-03-a-12.37.31-2048x1062.png 2048w, http:\/\/bouassida-associates.com\/wp-content\/uploads\/2021\/05\/Capture-decran-2021-05-03-a-12.37.31-1920x996.png 1920w, http:\/\/bouassida-associates.com\/wp-content\/uploads\/2021\/05\/Capture-decran-2021-05-03-a-12.37.31-250x130.png 250w, http:\/\/bouassida-associates.com\/wp-content\/uploads\/2021\/05\/Capture-decran-2021-05-03-a-12.37.31-512x266.png 512w\" sizes=\"(max-width: 700px) 100vw, 700px\" \/><\/p>\r\n<p>\n\t\t<\/div> \n\t<\/div> \n<\/div>\r\n<div class=\"vc_row wpb_row row\">\n\t<div class=\"vc_col-sm-12 wpb_column vc_column_container\">\n\t\t<div class=\"wpb_wrapper\">\n\t\t\t<div class=\"clearfix\" style=\"height: 40px\"><\/div>\n\t\t<\/div> \n\t<\/div> \n<\/div>\r\n<div class=\"wp-block-buttons is-content-justification-center\">\r\n<div class=\"wp-block-button\"><a class=\"wp-block-button__link has-text-color has-background\" style=\"border-radius: 2px; background-color: #ba0c49; color: #fffffa;\" href=\"https:\/\/www.tableau.com\/fr-fr\/products\/desktop\/download\" target=\"_blank\" rel=\"noopener\">Essai gratuit<\/a><\/div>\r\n<div class=\"wp-block-button is-style-outline\"><a class=\"wp-block-button__link has-text-color\" style=\"border-radius: 2px; color: #ba0c49;\" href=\"https:\/\/www.tableau.com\/fr-fr\/products\/server#video\" target=\"_blank\" rel=\"noopener\">Voir la d\u00e9monstration<\/a><\/div>\r\n<\/div>\r\n<\/div>\r\n<\/div>\r\n<\/div>\r\n<\/div>\r\n<p>&nbsp;<\/p>\r\n<div class=\"wp-block-buttons is-content-justification-center\">\r\n<div class=\"wp-block-button is-style-outline\">\r\n<div class=\"wp-block-buttons is-content-justification-center\">\r\n<div class=\"wp-block-button is-style-outline\">\r\n<div class=\"wp-block-buttons is-content-justification-center\">\r\n<div class=\"wp-block-button is-style-outline\">\r\n<div class=\"wp-block-buttons is-content-justification-center\">\r\n<div class=\"wp-block-button is-style-outline\">\r\n<div class=\"vc_row wpb_row row\">\n\t<div class=\"vc_col-sm-6 wpb_column vc_column_container\">\n\t\t<div class=\"wpb_wrapper\">\n\t\t\t<div class=\"services-post \">\n\t<a class=\"services-icon1\" href=\"#\" target=\"_self\"><i class=\"fa fa-calculator\"><\/i><\/a>\n\t<div class=\"services-post-content\">\n\t\t<a class=\"services-title-link\" href=\"#\" target=\"_self\"><h4>Tableau Prep<\/h4><\/a>\n\t\t<p><\/p>\r\n<\/div>\r\n<\/div>\r\n<ul>\r\n<li class=\"heading-highlight\">Pr\u00e9paration de donn\u00e9es en libre-service<\/li>\r\n<li class=\"heading-highlight\">Une visibilit\u00e9 totale sur vos donn\u00e9es<\/li>\r\n<li class=\"heading-highlight\">R\u00e9sultats instantan\u00e9s<\/li>\r\n<li class=\"heading-highlight\">Travaillez plus vite et mieux<\/li>\r\n<li class=\"heading-highlight\">Acc\u00e9dez \u00e0 plus de\u00a0donn\u00e9es<\/li>\r\n<li class=\"heading-highlight\">Restez concentr\u00e9<\/li>\r\n<\/ul>\r\n<p><\/p>\n\t<\/div><\/div>\n\t\t<\/div> \n\t<\/div> \n\n\t<div class=\"vc_col-sm-6 wpb_column vc_column_container\">\n\t\t<div class=\"wpb_wrapper\">\n\t\t\t\n\t<div class=\"wpb_text_column wpb_content_element \">\n\t\t<div class=\"wpb_wrapper\">\n\t\t\t\n\t\t<\/div> \n\t<\/div>\r\n<p><img decoding=\"async\" loading=\"lazy\" class=\"alignnone wp-image-1096 size-large\" title=\"Voir la vid\u00e9o\" src=\"http:\/\/bouassida-associates.com\/wp-content\/uploads\/2021\/05\/Capture-decran-2021-05-03-a-12.43.40-700x368.png\" alt=\"\" width=\"700\" height=\"368\" srcset=\"http:\/\/bouassida-associates.com\/wp-content\/uploads\/2021\/05\/Capture-decran-2021-05-03-a-12.43.40-700x368.png 700w, http:\/\/bouassida-associates.com\/wp-content\/uploads\/2021\/05\/Capture-decran-2021-05-03-a-12.43.40-450x237.png 450w, http:\/\/bouassida-associates.com\/wp-content\/uploads\/2021\/05\/Capture-decran-2021-05-03-a-12.43.40-768x404.png 768w, http:\/\/bouassida-associates.com\/wp-content\/uploads\/2021\/05\/Capture-decran-2021-05-03-a-12.43.40-200x105.png 200w, http:\/\/bouassida-associates.com\/wp-content\/uploads\/2021\/05\/Capture-decran-2021-05-03-a-12.43.40-1536x808.png 1536w, http:\/\/bouassida-associates.com\/wp-content\/uploads\/2021\/05\/Capture-decran-2021-05-03-a-12.43.40-2048x1077.png 2048w, http:\/\/bouassida-associates.com\/wp-content\/uploads\/2021\/05\/Capture-decran-2021-05-03-a-12.43.40-1920x1010.png 1920w, http:\/\/bouassida-associates.com\/wp-content\/uploads\/2021\/05\/Capture-decran-2021-05-03-a-12.43.40-250x131.png 250w, http:\/\/bouassida-associates.com\/wp-content\/uploads\/2021\/05\/Capture-decran-2021-05-03-a-12.43.40-512x269.png 512w\" sizes=\"(max-width: 700px) 100vw, 700px\" \/><\/p>\r\n<p>\n\t\t<\/div> \n\t<\/div> \n<\/div>\r\n<div class=\"vc_row wpb_row row\">\n\t<div class=\"vc_col-sm-12 wpb_column vc_column_container\">\n\t\t<div class=\"wpb_wrapper\">\n\t\t\t<div class=\"clearfix\" style=\"height: 40px\"><\/div>\n\t\t<\/div> \n\t<\/div> \n<\/div>\r\n<div class=\"wp-block-buttons is-content-justification-center\">\r\n<div class=\"wp-block-button\"><a class=\"wp-block-button__link has-text-color has-background\" style=\"border-radius: 2px; background-color: #ba0c49; color: #fffffa;\" href=\"https:\/\/www.tableau.com\/fr-fr\/products\/desktop\/download\" target=\"_blank\" rel=\"noopener\">Essai gratuit<\/a><\/div>\r\n<div class=\"wp-block-button is-style-outline\"><a class=\"wp-block-button__link has-text-color\" style=\"border-radius: 2px; color: #ba0c49;\" href=\"https:\/\/www.tableau.com\/fr-fr\/products\/desktop#video\" target=\"_blank\" rel=\"noopener\">Voir la d\u00e9monstration<\/a><\/div>\r\n<\/div>\r\n<\/div>\r\n<\/div>\r\n<div>\u00a0<\/div>\r\n<\/div>\r\n<\/div>\r\n<\/div>\r\n<\/div>\r\n<\/div>\r\n<div>\r\n<div>\u00a0<\/div>\r\n<div class=\"wp-block-buttons is-content-justification-center\">\r\n<div class=\"wp-block-button is-style-outline\">\u00a0<\/div>\r\n<\/div>\r\n<\/div>\r\n<\/div>\r\n","protected":false},"excerpt":{"rendered":"Transformez des insights en actions gr\u00e2ce \u00e0 la suite de produits\u00a0Tableau Tableau Desktop Acc\u00e9l\u00e9rez l'acc\u00e8s \u00e0 l'information Acc\u00e9dez \u00e0 plus de\u00a0donn\u00e9es Ayez des r\u00e9ponses plus pr\u00e9cises Cartographiez vos donn\u00e9es Informez tous vos coll\u00e8gues Partagez et ex\u00e9cutez des flux sur votre serveur Planifiez vos flux Surveillez les flux sur tout le serveur Essai gratuit Voir la [...]","protected":false},"author":4,"featured_media":0,"parent":0,"menu_order":0,"comment_status":"closed","ping_status":"closed","template":"","meta":[],"_links":{"self":[{"href":"http:\/\/bouassida-associates.com\/index.php?rest_route=\/wp\/v2\/pages\/1061"}],"collection":[{"href":"http:\/\/bouassida-associates.com\/index.php?rest_route=\/wp\/v2\/pages"}],"about":[{"href":"http:\/\/bouassida-associates.com\/index.php?rest_route=\/wp\/v2\/types\/page"}],"author":[{"embeddable":true,"href":"http:\/\/bouassida-associates.com\/index.php?rest_route=\/wp\/v2\/users\/4"}],"replies":[{"embeddable":true,"href":"http:\/\/bouassida-associates.com\/index.php?rest_route=%2Fwp%2Fv2%2Fcomments&post=1061"}],"version-history":[{"count":37,"href":"http:\/\/bouassida-associates.com\/index.php?rest_route=\/wp\/v2\/pages\/1061\/revisions"}],"predecessor-version":[{"id":1108,"href":"http:\/\/bouassida-associates.com\/index.php?rest_route=\/wp\/v2\/pages\/1061\/revisions\/1108"}],"wp:attachment":[{"href":"http:\/\/bouassida-associates.com\/index.php?rest_route=%2Fwp%2Fv2%2Fmedia&parent=1061"}],"curies":[{"name":"wp","href":"https:\/\/api.w.org\/{rel}","templated":true}]}}