{"id":50,"date":"2014-01-30T12:18:19","date_gmt":"2014-01-30T12:18:19","guid":{"rendered":"http:\/\/localhost\/vertikal\/?page_id=50"},"modified":"2017-04-28T14:32:06","modified_gmt":"2017-04-28T14:32:06","slug":"portfolio","status":"publish","type":"page","link":"http:\/\/bouassida-associates.com\/?page_id=50","title":{"rendered":"Services"},"content":{"rendered":"<div class=\"vc_row wpb_row row\">\n\t<div class=\"vc_col-sm-12 wpb_column vc_column_container\">\n\t\t<div class=\"wpb_wrapper\">\n\t\t\t\n\t<h3>Nos Services<\/h3><div class=\"portfolio-box with-3-col\">\n\t<ul class=\"filter\">\n\t\t<li><a href=\"#\" class=\"active\" data-filter=\"*\"><i class=\"fa fa-th\"><\/i>Afficher tout<\/a><\/li>\n\t\t<li><a href=\"#\" data-filter=\".audit\">AUDIT ET CONSEIL<\/a><\/li>\n\t\t<li><a href=\"#\" data-filter=\".reporting-decisionnel\">BUSINESS INTELLIGENCE<\/a><\/li>\n\t\t<li><a href=\"#\" data-filter=\".cae\">COMPTABILIT\u00c9 ANALYTIQUE<\/a><\/li>\n\t\t<li><a href=\"#\" data-filter=\".organisation\">SI ET ORGANISATION<\/a><\/li>\n\t<\/ul>\n\t<div class=\"portfolio-container\"><div class=\"work-post audit \">\n\t\t\t\t\t\t\t<div class=\"work-post-gal\"><img src=\"http:\/\/bouassida-associates.com\/wp-content\/uploads\/2014\/01\/audit-700x420.jpg\" class=\"attachment-slideshow size-slideshow wp-post-image\" alt=\"\" decoding=\"async\" loading=\"lazy\" \/><div class=\"hover-box\">\n\t\t\t\t\t\t\t\t\t<a class=\"zoom\" href=\"http:\/\/bouassida-associates.com\/wp-content\/uploads\/2014\/01\/audit-700x700.jpg\"><\/a>\n\t\t\t\t\t\t\t\t\t<a class=\"page\" href=\"http:\/\/bouassida-associates.com\/?tmq-portfolio=project-1\"><\/a>\n\t\t\t\t\t\t\t\t<\/div>\n\t\t\t\t\t\t\t<\/div>\n\t\t\t\t\t\t\t<div class=\"work-post-content\">\n\t\t\t\t\t\t\t\t<h2>Audit Financier et Fiscal<\/h2>\n\t\t\t\t\t\t\t\t<span>Audit et Conseil <\/span>\n\t\t\t\t\t\t\t<\/div>\n\t\t\t\t\t\t<\/div><div class=\"work-post organisation \">\n\t\t\t\t\t\t\t<div class=\"work-post-gal\"><img src=\"http:\/\/bouassida-associates.com\/wp-content\/uploads\/2014\/01\/Organisation-700x420.jpg\" class=\"attachment-slideshow size-slideshow wp-post-image\" alt=\"\" decoding=\"async\" loading=\"lazy\" \/><div class=\"hover-box\">\n\t\t\t\t\t\t\t\t\t<a class=\"zoom\" href=\"http:\/\/bouassida-associates.com\/wp-content\/uploads\/2014\/01\/Organisation-700x710.jpg\"><\/a>\n\t\t\t\t\t\t\t\t\t<a class=\"page\" href=\"http:\/\/bouassida-associates.com\/?tmq-portfolio=project-2\"><\/a>\n\t\t\t\t\t\t\t\t<\/div>\n\t\t\t\t\t\t\t<\/div>\n\t\t\t\t\t\t\t<div class=\"work-post-content\">\n\t\t\t\t\t\t\t\t<h2>Organisation<\/h2>\n\t\t\t\t\t\t\t\t<span>SI et Organisation <\/span>\n\t\t\t\t\t\t\t<\/div>\n\t\t\t\t\t\t<\/div><div class=\"work-post cae \">\n\t\t\t\t\t\t\t<div class=\"work-post-gal\"><img src=\"http:\/\/bouassida-associates.com\/wp-content\/uploads\/2014\/01\/axes.jpg\" class=\"attachment-slideshow size-slideshow wp-post-image\" alt=\"\" decoding=\"async\" loading=\"lazy\" srcset=\"http:\/\/bouassida-associates.com\/wp-content\/uploads\/2014\/01\/axes.jpg 605w, http:\/\/bouassida-associates.com\/wp-content\/uploads\/2014\/01\/axes-450x234.jpg 450w, http:\/\/bouassida-associates.com\/wp-content\/uploads\/2014\/01\/axes-200x104.jpg 200w, http:\/\/bouassida-associates.com\/wp-content\/uploads\/2014\/01\/axes-250x130.jpg 250w, http:\/\/bouassida-associates.com\/wp-content\/uploads\/2014\/01\/axes-512x267.jpg 512w\" sizes=\"(max-width: 605px) 100vw, 605px\" \/><div class=\"hover-box\">\n\t\t\t\t\t\t\t\t\t<a class=\"zoom\" href=\"http:\/\/bouassida-associates.com\/wp-content\/uploads\/2014\/01\/axes.jpg\"><\/a>\n\t\t\t\t\t\t\t\t\t<a class=\"page\" href=\"http:\/\/bouassida-associates.com\/?tmq-portfolio=project-3\"><\/a>\n\t\t\t\t\t\t\t\t<\/div>\n\t\t\t\t\t\t\t<\/div>\n\t\t\t\t\t\t\t<div class=\"work-post-content\">\n\t\t\t\t\t\t\t\t<h2>Calcul &#038; analyse de la rentabilit\u00e9<\/h2>\n\t\t\t\t\t\t\t\t<span>Comptabilit\u00e9 Analytique <\/span>\n\t\t\t\t\t\t\t<\/div>\n\t\t\t\t\t\t<\/div><div class=\"work-post audit \">\n\t\t\t\t\t\t\t<div class=\"work-post-gal\"><img src=\"http:\/\/bouassida-associates.com\/wp-content\/uploads\/2014\/01\/Value-Proposition-Internal-Auditing-700x420.jpg\" class=\"attachment-slideshow size-slideshow wp-post-image\" alt=\"\" decoding=\"async\" loading=\"lazy\" \/><div class=\"hover-box\">\n\t\t\t\t\t\t\t\t\t<a class=\"zoom\" href=\"http:\/\/bouassida-associates.com\/wp-content\/uploads\/2014\/01\/Value-Proposition-Internal-Auditing-700x609.jpg\"><\/a>\n\t\t\t\t\t\t\t\t\t<a class=\"page\" href=\"http:\/\/bouassida-associates.com\/?tmq-portfolio=project-4\"><\/a>\n\t\t\t\t\t\t\t\t<\/div>\n\t\t\t\t\t\t\t<\/div>\n\t\t\t\t\t\t\t<div class=\"work-post-content\">\n\t\t\t\t\t\t\t\t<h2>Audit interne et Consolid\u00e9<\/h2>\n\t\t\t\t\t\t\t\t<span>Audit et Conseil <\/span>\n\t\t\t\t\t\t\t<\/div>\n\t\t\t\t\t\t<\/div><div class=\"work-post reporting-decisionnel \">\n\t\t\t\t\t\t\t<div class=\"work-post-gal\"><img src=\"http:\/\/bouassida-associates.com\/wp-content\/uploads\/2014\/01\/projet-cle-main.jpg\" class=\"attachment-slideshow size-slideshow wp-post-image\" alt=\"\" decoding=\"async\" loading=\"lazy\" srcset=\"http:\/\/bouassida-associates.com\/wp-content\/uploads\/2014\/01\/projet-cle-main.jpg 647w, http:\/\/bouassida-associates.com\/wp-content\/uploads\/2014\/01\/projet-cle-main-450x289.jpg 450w, http:\/\/bouassida-associates.com\/wp-content\/uploads\/2014\/01\/projet-cle-main-200x128.jpg 200w, http:\/\/bouassida-associates.com\/wp-content\/uploads\/2014\/01\/projet-cle-main-250x160.jpg 250w, http:\/\/bouassida-associates.com\/wp-content\/uploads\/2014\/01\/projet-cle-main-512x328.jpg 512w\" sizes=\"(max-width: 647px) 100vw, 647px\" \/><div class=\"hover-box\">\n\t\t\t\t\t\t\t\t\t<a class=\"zoom\" href=\"http:\/\/bouassida-associates.com\/wp-content\/uploads\/2014\/01\/projet-cle-main.jpg\"><\/a>\n\t\t\t\t\t\t\t\t\t<a class=\"page\" href=\"http:\/\/bouassida-associates.com\/?tmq-portfolio=project-5\"><\/a>\n\t\t\t\t\t\t\t\t<\/div>\n\t\t\t\t\t\t\t<\/div>\n\t\t\t\t\t\t\t<div class=\"work-post-content\">\n\t\t\t\t\t\t\t\t<h2>Solution BI Cl\u00e9 en main<\/h2>\n\t\t\t\t\t\t\t\t<span>Business Intelligence <\/span>\n\t\t\t\t\t\t\t<\/div>\n\t\t\t\t\t\t<\/div><div class=\"work-post cae \">\n\t\t\t\t\t\t\t<div class=\"work-post-gal\"><img src=\"http:\/\/bouassida-associates.com\/wp-content\/uploads\/2014\/01\/HHH-700x420.png\" class=\"attachment-slideshow size-slideshow wp-post-image\" alt=\"\" decoding=\"async\" loading=\"lazy\" \/><div class=\"hover-box\">\n\t\t\t\t\t\t\t\t\t<a class=\"zoom\" href=\"http:\/\/bouassida-associates.com\/wp-content\/uploads\/2014\/01\/HHH-700x388.png\"><\/a>\n\t\t\t\t\t\t\t\t\t<a class=\"page\" href=\"http:\/\/bouassida-associates.com\/?tmq-portfolio=project-6\"><\/a>\n\t\t\t\t\t\t\t\t<\/div>\n\t\t\t\t\t\t\t<\/div>\n\t\t\t\t\t\t\t<div class=\"work-post-content\">\n\t\t\t\t\t\t\t\t<h2>MEP de Syst\u00e8me analytique<\/h2>\n\t\t\t\t\t\t\t\t<span>Comptabilit\u00e9 Analytique <\/span>\n\t\t\t\t\t\t\t<\/div>\n\t\t\t\t\t\t<\/div><div class=\"work-post reporting-decisionnel \">\n\t\t\t\t\t\t\t<div class=\"work-post-gal\"><img src=\"http:\/\/bouassida-associates.com\/wp-content\/uploads\/2014\/01\/ad_hoc_analysis-700x420.jpg\" class=\"attachment-slideshow size-slideshow wp-post-image\" alt=\"\" decoding=\"async\" loading=\"lazy\" \/><div class=\"hover-box\">\n\t\t\t\t\t\t\t\t\t<a class=\"zoom\" href=\"http:\/\/bouassida-associates.com\/wp-content\/uploads\/2014\/01\/ad_hoc_analysis-700x544.jpg\"><\/a>\n\t\t\t\t\t\t\t\t\t<a class=\"page\" href=\"http:\/\/bouassida-associates.com\/?tmq-portfolio=project-9\"><\/a>\n\t\t\t\t\t\t\t\t<\/div>\n\t\t\t\t\t\t\t<\/div>\n\t\t\t\t\t\t\t<div class=\"work-post-content\">\n\t\t\t\t\t\t\t\t<h2>Analyse de la rentabilit\u00e9 Clients<\/h2>\n\t\t\t\t\t\t\t\t<span>Business Intelligence <\/span>\n\t\t\t\t\t\t\t<\/div>\n\t\t\t\t\t\t<\/div><div class=\"work-post organisation \">\n\t\t\t\t\t\t\t<div class=\"work-post-gal\"><img src=\"http:\/\/bouassida-associates.com\/wp-content\/uploads\/2014\/01\/SI-700x420.png\" class=\"attachment-slideshow size-slideshow wp-post-image\" alt=\"\" decoding=\"async\" loading=\"lazy\" \/><div class=\"hover-box\">\n\t\t\t\t\t\t\t\t\t<a class=\"zoom\" href=\"http:\/\/bouassida-associates.com\/wp-content\/uploads\/2014\/01\/SI-700x527.png\"><\/a>\n\t\t\t\t\t\t\t\t\t<a class=\"page\" href=\"http:\/\/bouassida-associates.com\/?tmq-portfolio=project-10\"><\/a>\n\t\t\t\t\t\t\t\t<\/div>\n\t\t\t\t\t\t\t<\/div>\n\t\t\t\t\t\t\t<div class=\"work-post-content\">\n\t\t\t\t\t\t\t\t<h2>Syst\u00e8me d&rsquo;information<\/h2>\n\t\t\t\t\t\t\t\t<span>SI et Organisation <\/span>\n\t\t\t\t\t\t\t<\/div>\n\t\t\t\t\t\t<\/div><div class=\"work-post audit \">\n\t\t\t\t\t\t\t<div class=\"work-post-gal\"><img src=\"http:\/\/bouassida-associates.com\/wp-content\/uploads\/2016\/05\/conseil-rouge-700x420.jpg\" class=\"attachment-slideshow size-slideshow wp-post-image\" alt=\"\" decoding=\"async\" loading=\"lazy\" \/><div class=\"hover-box\">\n\t\t\t\t\t\t\t\t\t<a class=\"zoom\" href=\"http:\/\/bouassida-associates.com\/wp-content\/uploads\/2016\/05\/conseil-rouge-700x542.jpg\"><\/a>\n\t\t\t\t\t\t\t\t\t<a class=\"page\" href=\"http:\/\/bouassida-associates.com\/?tmq-portfolio=conseil\"><\/a>\n\t\t\t\t\t\t\t\t<\/div>\n\t\t\t\t\t\t\t<\/div>\n\t\t\t\t\t\t\t<div class=\"work-post-content\">\n\t\t\t\t\t\t\t\t<h2>Conseil<\/h2>\n\t\t\t\t\t\t\t\t<span>Audit et Conseil <\/span>\n\t\t\t\t\t\t\t<\/div>\n\t\t\t\t\t\t<\/div><div class=\"work-post cae \">\n\t\t\t\t\t\t\t<div class=\"work-post-gal\"><img src=\"http:\/\/bouassida-associates.com\/wp-content\/uploads\/2017\/04\/cost-management-700x466-700x420.jpg\" class=\"attachment-slideshow size-slideshow wp-post-image\" alt=\"\" decoding=\"async\" loading=\"lazy\" \/><div class=\"hover-box\">\n\t\t\t\t\t\t\t\t\t<a class=\"zoom\" href=\"http:\/\/bouassida-associates.com\/wp-content\/uploads\/2017\/04\/cost-management-700x466-700x466.jpg\"><\/a>\n\t\t\t\t\t\t\t\t\t<a class=\"page\" href=\"http:\/\/bouassida-associates.com\/?tmq-portfolio=optimisation-des-couts-cost-killing\"><\/a>\n\t\t\t\t\t\t\t\t<\/div>\n\t\t\t\t\t\t\t<\/div>\n\t\t\t\t\t\t\t<div class=\"work-post-content\">\n\t\t\t\t\t\t\t\t<h2>Optimisation des co\u00fbts: Cost Killing<\/h2>\n\t\t\t\t\t\t\t\t<span>Comptabilit\u00e9 Analytique <\/span>\n\t\t\t\t\t\t\t<\/div>\n\t\t\t\t\t\t<\/div><div class=\"work-post cae \">\n\t\t\t\t\t\t\t<div class=\"work-post-gal\"><img src=\"http:\/\/bouassida-associates.com\/wp-content\/uploads\/2017\/04\/Face-a-l-incertitude-Boule-de-cristal-ou-nouveaux-process_knowledge_standard-700x394-700x394.jpg\" class=\"attachment-slideshow size-slideshow wp-post-image\" alt=\"\" decoding=\"async\" loading=\"lazy\" srcset=\"http:\/\/bouassida-associates.com\/wp-content\/uploads\/2017\/04\/Face-a-l-incertitude-Boule-de-cristal-ou-nouveaux-process_knowledge_standard-700x394.jpg 700w, http:\/\/bouassida-associates.com\/wp-content\/uploads\/2017\/04\/Face-a-l-incertitude-Boule-de-cristal-ou-nouveaux-process_knowledge_standard-700x394-450x253.jpg 450w, http:\/\/bouassida-associates.com\/wp-content\/uploads\/2017\/04\/Face-a-l-incertitude-Boule-de-cristal-ou-nouveaux-process_knowledge_standard-700x394-200x113.jpg 200w, http:\/\/bouassida-associates.com\/wp-content\/uploads\/2017\/04\/Face-a-l-incertitude-Boule-de-cristal-ou-nouveaux-process_knowledge_standard-700x394-250x141.jpg 250w, http:\/\/bouassida-associates.com\/wp-content\/uploads\/2017\/04\/Face-a-l-incertitude-Boule-de-cristal-ou-nouveaux-process_knowledge_standard-700x394-512x288.jpg 512w\" sizes=\"(max-width: 700px) 100vw, 700px\" \/><div class=\"hover-box\">\n\t\t\t\t\t\t\t\t\t<a class=\"zoom\" href=\"http:\/\/bouassida-associates.com\/wp-content\/uploads\/2017\/04\/Face-a-l-incertitude-Boule-de-cristal-ou-nouveaux-process_knowledge_standard-700x394-700x394.jpg\"><\/a>\n\t\t\t\t\t\t\t\t\t<a class=\"page\" href=\"http:\/\/bouassida-associates.com\/?tmq-portfolio=analyse-predictive-de-la-rentabilite\"><\/a>\n\t\t\t\t\t\t\t\t<\/div>\n\t\t\t\t\t\t\t<\/div>\n\t\t\t\t\t\t\t<div class=\"work-post-content\">\n\t\t\t\t\t\t\t\t<h2>Analyse pr\u00e9dictive de la rentabilit\u00e9<\/h2>\n\t\t\t\t\t\t\t\t<span>Comptabilit\u00e9 Analytique <\/span>\n\t\t\t\t\t\t\t<\/div>\n\t\t\t\t\t\t<\/div><div class=\"work-post cae \">\n\t\t\t\t\t\t\t<div class=\"work-post-gal\"><img src=\"http:\/\/bouassida-associates.com\/wp-content\/uploads\/2017\/04\/Fotolia_50823018_L-700x420.jpg\" class=\"attachment-slideshow size-slideshow wp-post-image\" alt=\"\" decoding=\"async\" loading=\"lazy\" \/><div class=\"hover-box\">\n\t\t\t\t\t\t\t\t\t<a class=\"zoom\" href=\"http:\/\/bouassida-associates.com\/wp-content\/uploads\/2017\/04\/Fotolia_50823018_L-700x700.jpg\"><\/a>\n\t\t\t\t\t\t\t\t\t<a class=\"page\" href=\"http:\/\/bouassida-associates.com\/?tmq-portfolio=mise-en-place-de-systeme-budgetaire\"><\/a>\n\t\t\t\t\t\t\t\t<\/div>\n\t\t\t\t\t\t\t<\/div>\n\t\t\t\t\t\t\t<div class=\"work-post-content\">\n\t\t\t\t\t\t\t\t<h2>Mise en place de Syst\u00e8me budg\u00e9taire<\/h2>\n\t\t\t\t\t\t\t\t<span>Comptabilit\u00e9 Analytique <\/span>\n\t\t\t\t\t\t\t<\/div>\n\t\t\t\t\t\t<\/div><div class=\"work-post cae \">\n\t\t\t\t\t\t\t<div class=\"work-post-gal\"><img src=\"http:\/\/bouassida-associates.com\/wp-content\/uploads\/2017\/04\/Data-700x466-700x420.jpg\" class=\"attachment-slideshow size-slideshow wp-post-image\" alt=\"\" decoding=\"async\" loading=\"lazy\" \/><div class=\"hover-box\">\n\t\t\t\t\t\t\t\t\t<a class=\"zoom\" href=\"http:\/\/bouassida-associates.com\/wp-content\/uploads\/2017\/04\/Data-700x466-700x466.jpg\"><\/a>\n\t\t\t\t\t\t\t\t\t<a class=\"page\" href=\"http:\/\/bouassida-associates.com\/?tmq-portfolio=integration-des-solutions-analytiques\"><\/a>\n\t\t\t\t\t\t\t\t<\/div>\n\t\t\t\t\t\t\t<\/div>\n\t\t\t\t\t\t\t<div class=\"work-post-content\">\n\t\t\t\t\t\t\t\t<h2>Int\u00e9gration des Solutions Analytiques<\/h2>\n\t\t\t\t\t\t\t\t<span>Comptabilit\u00e9 Analytique <\/span>\n\t\t\t\t\t\t\t<\/div>\n\t\t\t\t\t\t<\/div><div class=\"work-post cae \">\n\t\t\t\t\t\t\t<div class=\"work-post-gal\"><img src=\"http:\/\/bouassida-associates.com\/wp-content\/uploads\/2017\/04\/8.-4-Interventions-d-internet-dans-votre-etude-de-marche-et-leur-utilite-700x420.jpg\" class=\"attachment-slideshow size-slideshow wp-post-image\" alt=\"\" decoding=\"async\" loading=\"lazy\" \/><div class=\"hover-box\">\n\t\t\t\t\t\t\t\t\t<a class=\"zoom\" href=\"http:\/\/bouassida-associates.com\/wp-content\/uploads\/2017\/04\/8.-4-Interventions-d-internet-dans-votre-etude-de-marche-et-leur-utilite-700x467.jpg\"><\/a>\n\t\t\t\t\t\t\t\t\t<a class=\"page\" href=\"http:\/\/bouassida-associates.com\/?tmq-portfolio=mise-en-place-des-tableaux-de-bord\"><\/a>\n\t\t\t\t\t\t\t\t<\/div>\n\t\t\t\t\t\t\t<\/div>\n\t\t\t\t\t\t\t<div class=\"work-post-content\">\n\t\t\t\t\t\t\t\t<h2>Mise en place des Tableaux de bord<\/h2>\n\t\t\t\t\t\t\t\t<span>Comptabilit\u00e9 Analytique <\/span>\n\t\t\t\t\t\t\t<\/div>\n\t\t\t\t\t\t<\/div><div class=\"work-post cae \">\n\t\t\t\t\t\t\t<div class=\"work-post-gal\"><img src=\"http:\/\/bouassida-associates.com\/wp-content\/uploads\/2017\/04\/slide-formation-700x420.jpg\" class=\"attachment-slideshow size-slideshow wp-post-image\" alt=\"\" decoding=\"async\" loading=\"lazy\" \/><div class=\"hover-box\">\n\t\t\t\t\t\t\t\t\t<a class=\"zoom\" href=\"http:\/\/bouassida-associates.com\/wp-content\/uploads\/2017\/04\/slide-formation-700x402.jpg\"><\/a>\n\t\t\t\t\t\t\t\t\t<a class=\"page\" href=\"http:\/\/bouassida-associates.com\/?tmq-portfolio=formation\"><\/a>\n\t\t\t\t\t\t\t\t<\/div>\n\t\t\t\t\t\t\t<\/div>\n\t\t\t\t\t\t\t<div class=\"work-post-content\">\n\t\t\t\t\t\t\t\t<h2>Formation<\/h2>\n\t\t\t\t\t\t\t\t<span>Comptabilit\u00e9 Analytique <\/span>\n\t\t\t\t\t\t\t<\/div>\n\t\t\t\t\t\t<\/div><div class=\"work-post cae \">\n\t\t\t\t\t\t\t<div class=\"work-post-gal\"><img src=\"http:\/\/bouassida-associates.com\/wp-content\/uploads\/2017\/04\/Sans-titre-700x420.png\" class=\"attachment-slideshow size-slideshow wp-post-image\" alt=\"\" decoding=\"async\" loading=\"lazy\" \/><div class=\"hover-box\">\n\t\t\t\t\t\t\t\t\t<a class=\"zoom\" href=\"http:\/\/bouassida-associates.com\/wp-content\/uploads\/2017\/04\/Sans-titre-700x462.png\"><\/a>\n\t\t\t\t\t\t\t\t\t<a class=\"page\" href=\"http:\/\/bouassida-associates.com\/?tmq-portfolio=pricing\"><\/a>\n\t\t\t\t\t\t\t\t<\/div>\n\t\t\t\t\t\t\t<\/div>\n\t\t\t\t\t\t\t<div class=\"work-post-content\">\n\t\t\t\t\t\t\t\t<h2>Pricing<\/h2>\n\t\t\t\t\t\t\t\t<span>Comptabilit\u00e9 Analytique <\/span>\n\t\t\t\t\t\t\t<\/div>\n\t\t\t\t\t\t<\/div><div class=\"work-post reporting-decisionnel \">\n\t\t\t\t\t\t\t<div class=\"work-post-gal\"><img src=\"http:\/\/bouassida-associates.com\/wp-content\/uploads\/2017\/04\/SeniorVisualBI-Articole-700x420.png\" class=\"attachment-slideshow size-slideshow wp-post-image\" alt=\"\" decoding=\"async\" loading=\"lazy\" \/><div class=\"hover-box\">\n\t\t\t\t\t\t\t\t\t<a class=\"zoom\" href=\"http:\/\/bouassida-associates.com\/wp-content\/uploads\/2017\/04\/SeniorVisualBI-Articole-700x525.png\"><\/a>\n\t\t\t\t\t\t\t\t\t<a class=\"page\" href=\"http:\/\/bouassida-associates.com\/?tmq-portfolio=analyse-de-portefeuille-et-rentabilite-produits\"><\/a>\n\t\t\t\t\t\t\t\t<\/div>\n\t\t\t\t\t\t\t<\/div>\n\t\t\t\t\t\t\t<div class=\"work-post-content\">\n\t\t\t\t\t\t\t\t<h2>Analyse de portefeuille et rentabilit\u00e9 Produits<\/h2>\n\t\t\t\t\t\t\t\t<span>Business Intelligence <\/span>\n\t\t\t\t\t\t\t<\/div>\n\t\t\t\t\t\t<\/div><div class=\"work-post reporting-decisionnel \">\n\t\t\t\t\t\t\t<div class=\"work-post-gal\"><img src=\"http:\/\/bouassida-associates.com\/wp-content\/uploads\/2017\/04\/continuous-budgeting-300x226.png\" class=\"attachment-slideshow size-slideshow wp-post-image\" alt=\"\" decoding=\"async\" loading=\"lazy\" srcset=\"http:\/\/bouassida-associates.com\/wp-content\/uploads\/2017\/04\/continuous-budgeting-300x226.png 300w, http:\/\/bouassida-associates.com\/wp-content\/uploads\/2017\/04\/continuous-budgeting-300x226-200x151.png 200w, http:\/\/bouassida-associates.com\/wp-content\/uploads\/2017\/04\/continuous-budgeting-300x226-250x188.png 250w\" sizes=\"(max-width: 300px) 100vw, 300px\" \/><div class=\"hover-box\">\n\t\t\t\t\t\t\t\t\t<a class=\"zoom\" href=\"http:\/\/bouassida-associates.com\/wp-content\/uploads\/2017\/04\/continuous-budgeting-300x226.png\"><\/a>\n\t\t\t\t\t\t\t\t\t<a class=\"page\" href=\"http:\/\/bouassida-associates.com\/?tmq-portfolio=budget-reporting\"><\/a>\n\t\t\t\t\t\t\t\t<\/div>\n\t\t\t\t\t\t\t<\/div>\n\t\t\t\t\t\t\t<div class=\"work-post-content\">\n\t\t\t\t\t\t\t\t<h2>Budget Reporting<\/h2>\n\t\t\t\t\t\t\t\t<span>Business Intelligence <\/span>\n\t\t\t\t\t\t\t<\/div>\n\t\t\t\t\t\t<\/div><div class=\"work-post reporting-decisionnel \">\n\t\t\t\t\t\t\t<div class=\"work-post-gal\"><img src=\"http:\/\/bouassida-associates.com\/wp-content\/uploads\/2017\/04\/recrutement-e1516868495996.jpg\" class=\"attachment-slideshow size-slideshow wp-post-image\" alt=\"\" decoding=\"async\" loading=\"lazy\" \/><div class=\"hover-box\">\n\t\t\t\t\t\t\t\t\t<a class=\"zoom\" href=\"http:\/\/bouassida-associates.com\/wp-content\/uploads\/2017\/04\/recrutement-e1516868495996.jpg\"><\/a>\n\t\t\t\t\t\t\t\t\t<a class=\"page\" href=\"http:\/\/bouassida-associates.com\/?tmq-portfolio=developpement-et-outsourcing-de-la-fonction-controle-de-gestion\"><\/a>\n\t\t\t\t\t\t\t\t<\/div>\n\t\t\t\t\t\t\t<\/div>\n\t\t\t\t\t\t\t<div class=\"work-post-content\">\n\t\t\t\t\t\t\t\t<h2>D\u00e9veloppement et outsourcing CG<\/h2>\n\t\t\t\t\t\t\t\t<span>Business Intelligence <\/span>\n\t\t\t\t\t\t\t<\/div>\n\t\t\t\t\t\t<\/div><div class=\"work-post reporting-decisionnel \">\n\t\t\t\t\t\t\t<div class=\"work-post-gal\"><img src=\"http:\/\/bouassida-associates.com\/wp-content\/uploads\/2017\/04\/Formation_CPF_Salaries-e1485964822838.jpg\" class=\"attachment-slideshow size-slideshow wp-post-image\" alt=\"\" decoding=\"async\" loading=\"lazy\" srcset=\"http:\/\/bouassida-associates.com\/wp-content\/uploads\/2017\/04\/Formation_CPF_Salaries-e1485964822838.jpg 600w, http:\/\/bouassida-associates.com\/wp-content\/uploads\/2017\/04\/Formation_CPF_Salaries-e1485964822838-450x300.jpg 450w, http:\/\/bouassida-associates.com\/wp-content\/uploads\/2017\/04\/Formation_CPF_Salaries-e1485964822838-200x133.jpg 200w, http:\/\/bouassida-associates.com\/wp-content\/uploads\/2017\/04\/Formation_CPF_Salaries-e1485964822838-250x167.jpg 250w, http:\/\/bouassida-associates.com\/wp-content\/uploads\/2017\/04\/Formation_CPF_Salaries-e1485964822838-512x341.jpg 512w\" sizes=\"(max-width: 600px) 100vw, 600px\" \/><div class=\"hover-box\">\n\t\t\t\t\t\t\t\t\t<a class=\"zoom\" href=\"http:\/\/bouassida-associates.com\/wp-content\/uploads\/2017\/04\/Formation_CPF_Salaries-e1485964822838.jpg\"><\/a>\n\t\t\t\t\t\t\t\t\t<a class=\"page\" href=\"http:\/\/bouassida-associates.com\/?tmq-portfolio=formation-et-accompagnement\"><\/a>\n\t\t\t\t\t\t\t\t<\/div>\n\t\t\t\t\t\t\t<\/div>\n\t\t\t\t\t\t\t<div class=\"work-post-content\">\n\t\t\t\t\t\t\t\t<h2>Formation et Accompagnement<\/h2>\n\t\t\t\t\t\t\t\t<span>Business Intelligence <\/span>\n\t\t\t\t\t\t\t<\/div>\n\t\t\t\t\t\t<\/div>\n\t<\/div><!--Close Container-->\n\t<\/div><!--Close All-->\n\t\t<\/div> \n\t<\/div> \n<\/div>\n","protected":false},"excerpt":{"rendered":"Une gamme diversifi\u00e9e de formation : Bouassida&amp;Associates et ses partenaires vous propose une panoplie \u00a0de formations orient\u00e9e vers l'autonomie des utilisateurs dans l'optique de D\u00e9couvrez notre expertise en Data Vizualisation Des formations sur mesure.. Afin d'optimiser les diff\u00e9rentes phases d'exploitation des donn\u00e9es nous assurons \u00a0le transfert du savoir faire \u00a0de l'exploitation optimis\u00e9e des donn\u00e9es, Que [...]","protected":false},"author":1,"featured_media":0,"parent":0,"menu_order":0,"comment_status":"open","ping_status":"open","template":"","meta":[],"_links":{"self":[{"href":"http:\/\/bouassida-associates.com\/index.php?rest_route=\/wp\/v2\/pages\/50"}],"collection":[{"href":"http:\/\/bouassida-associates.com\/index.php?rest_route=\/wp\/v2\/pages"}],"about":[{"href":"http:\/\/bouassida-associates.com\/index.php?rest_route=\/wp\/v2\/types\/page"}],"author":[{"embeddable":true,"href":"http:\/\/bouassida-associates.com\/index.php?rest_route=\/wp\/v2\/users\/1"}],"replies":[{"embeddable":true,"href":"http:\/\/bouassida-associates.com\/index.php?rest_route=%2Fwp%2Fv2%2Fcomments&post=50"}],"version-history":[{"count":12,"href":"http:\/\/bouassida-associates.com\/index.php?rest_route=\/wp\/v2\/pages\/50\/revisions"}],"predecessor-version":[{"id":1036,"href":"http:\/\/bouassida-associates.com\/index.php?rest_route=\/wp\/v2\/pages\/50\/revisions\/1036"}],"wp:attachment":[{"href":"http:\/\/bouassida-associates.com\/index.php?rest_route=%2Fwp%2Fv2%2Fmedia&parent=50"}],"curies":[{"name":"wp","href":"https:\/\/api.w.org\/{rel}","templated":true}]}}