{"id":812,"date":"2016-05-31T16:06:51","date_gmt":"2016-05-31T16:06:51","guid":{"rendered":"http:\/\/bouassida-associates.com\/?page_id=812"},"modified":"2016-05-31T16:25:17","modified_gmt":"2016-05-31T16:25:17","slug":"recrutement","status":"publish","type":"page","link":"http:\/\/bouassida-associates.com\/?page_id=812","title":{"rendered":"Recrutement"},"content":{"rendered":"<div class=\"vc_row wpb_row row\">\n\t<div class=\"vc_col-sm-12 wpb_column vc_column_container\">\n\t\t<div class=\"wpb_wrapper\">\n\t\t\t\n\t<div class=\"wpb_text_column wpb_content_element \">\n\t\t<div class=\"wpb_wrapper\">\n\t\t\t<p>Si vous \u00eates motiv\u00e9s \u00e0 rejoindre notre \u00e9quipes, vous pouvez nous postuler une demande d\u2019emploi en remplissant le formulaire ci-dessous.<br \/>\nVotre demande sera trait\u00e9e par notre entit\u00e9 de gestion des ressources humaines.<\/p>\n\n\t\t<\/div> \n\t<\/div> \n\t\t<\/div> \n\t<\/div> \n<\/div><div class=\"vc_row wpb_row row\">\n\t<div class=\"vc_col-sm-12 wpb_column vc_column_container\">\n\t\t<div class=\"wpb_wrapper\">\n\t\t\t<div role=\"form\" class=\"wpcf7\" id=\"wpcf7-f373-o1\" lang=\"en-US\" dir=\"ltr\">\n<div class=\"screen-reader-response\"><\/div>\n<form action=\"\/index.php?rest_route=%2Fwp%2Fv2%2Fpages%2F812#wpcf7-f373-o1\" method=\"post\" class=\"wpcf7-form\" enctype=\"multipart\/form-data\" novalidate=\"novalidate\">\n<div style=\"display: none;\">\n<input type=\"hidden\" name=\"_wpcf7\" value=\"373\" \/>\n<input type=\"hidden\" name=\"_wpcf7_version\" value=\"4.4\" \/>\n<input type=\"hidden\" name=\"_wpcf7_locale\" value=\"en_US\" \/>\n<input type=\"hidden\" name=\"_wpcf7_unit_tag\" value=\"wpcf7-f373-o1\" \/>\n<input type=\"hidden\" name=\"_wpnonce\" value=\"5fe4318c1e\" \/>\n<\/div>\n<p>Your Name (*)<br \/>\n    <span class=\"wpcf7-form-control-wrap your-name\"><input type=\"text\" name=\"your-name\" value=\"\" size=\"40\" class=\"wpcf7-form-control wpcf7-text wpcf7-validates-as-required\" aria-required=\"true\" aria-invalid=\"false\" \/><\/span> <\/p>\n<p>Your Email (*)<br \/>\n    <span class=\"wpcf7-form-control-wrap your-email\"><input type=\"email\" name=\"your-email\" value=\"\" size=\"40\" class=\"wpcf7-form-control wpcf7-text wpcf7-email wpcf7-validates-as-required wpcf7-validates-as-email\" aria-required=\"true\" aria-invalid=\"false\" \/><\/span> <\/p>\n<p>T\u00e9l (*)<br \/>\n    <span class=\"wpcf7-form-control-wrap tel-933\"><input type=\"tel\" name=\"tel-933\" value=\"\" size=\"40\" class=\"wpcf7-form-control wpcf7-text wpcf7-tel wpcf7-validates-as-required wpcf7-validates-as-tel\" aria-required=\"true\" aria-invalid=\"false\" \/><\/span> <\/p>\n<p>Subject<br \/>\n    <span class=\"wpcf7-form-control-wrap your-subject\"><input type=\"text\" name=\"your-subject\" value=\"\" size=\"40\" class=\"wpcf7-form-control wpcf7-text\" aria-invalid=\"false\" \/><\/span> <\/p>\n<p>Joindre votre CV<br \/>\n    <span class=\"wpcf7-form-control-wrap file-61\"><input type=\"file\" name=\"file-61\" size=\"40\" class=\"wpcf7-form-control wpcf7-file wpcf7-validates-as-required\" aria-required=\"true\" aria-invalid=\"false\" \/><\/span><\/p>\n<p><input type=\"submit\" value=\"Send\" class=\"wpcf7-form-control wpcf7-submit\" \/><\/p>\n<div class=\"wpcf7-response-output wpcf7-display-none\"><\/div><\/form><\/div>\n\t\t<\/div> \n\t<\/div> \n<\/div>\n","protected":false},"excerpt":{"rendered":"Si vous \u00eates motiv\u00e9s \u00e0 rejoindre notre \u00e9quipes, vous pouvez nous postuler une demande d\u2019emploi en remplissant le formulaire ci-dessous. Votre demande sera trait\u00e9e par notre entit\u00e9 de gestion des ressources humaines. Your Name (*) Your Email (*) T\u00e9l (*) Subject Joindre votre CV","protected":false},"author":1,"featured_media":0,"parent":0,"menu_order":0,"comment_status":"closed","ping_status":"closed","template":"","meta":[],"_links":{"self":[{"href":"http:\/\/bouassida-associates.com\/index.php?rest_route=\/wp\/v2\/pages\/812"}],"collection":[{"href":"http:\/\/bouassida-associates.com\/index.php?rest_route=\/wp\/v2\/pages"}],"about":[{"href":"http:\/\/bouassida-associates.com\/index.php?rest_route=\/wp\/v2\/types\/page"}],"author":[{"embeddable":true,"href":"http:\/\/bouassida-associates.com\/index.php?rest_route=\/wp\/v2\/users\/1"}],"replies":[{"embeddable":true,"href":"http:\/\/bouassida-associates.com\/index.php?rest_route=%2Fwp%2Fv2%2Fcomments&post=812"}],"version-history":[{"count":5,"href":"http:\/\/bouassida-associates.com\/index.php?rest_route=\/wp\/v2\/pages\/812\/revisions"}],"predecessor-version":[{"id":819,"href":"http:\/\/bouassida-associates.com\/index.php?rest_route=\/wp\/v2\/pages\/812\/revisions\/819"}],"wp:attachment":[{"href":"http:\/\/bouassida-associates.com\/index.php?rest_route=%2Fwp%2Fv2%2Fmedia&parent=812"}],"curies":[{"name":"wp","href":"https:\/\/api.w.org\/{rel}","templated":true}]}}