{"id":849,"date":"2017-02-24T10:05:52","date_gmt":"2017-02-24T10:05:52","guid":{"rendered":"http:\/\/bouassida-associates.com\/?page_id=849"},"modified":"2017-05-31T13:59:23","modified_gmt":"2017-05-31T13:59:23","slug":"business-intelligence","status":"publish","type":"page","link":"http:\/\/bouassida-associates.com\/?page_id=849","title":{"rendered":"Business Intelligence"},"content":{"rendered":"<div class=\"vc_row wpb_row row\">\n\t<div class=\"vc_col-sm-12 wpb_column vc_column_container\">\n\t\t<div class=\"wpb_wrapper\">\n\t\t\t<div class=\"clearfix\" style=\"height: 40px\"><\/div>\n\t\t<\/div> \n\t<\/div> \n<\/div><div class=\"vc_row wpb_row row\">\n\t<div class=\"vc_col-sm-12 wpb_column vc_column_container\">\n\t\t<div class=\"wpb_wrapper\">\n\t\t\t\n\t<h3 class=\"portfolio-normal-heading\">Nos Services en Business Intelligence<\/h3><div class=\"portfolio-box with-3-col\">\n\t<div class=\"portfolio-container\"><div class=\"work-post reporting-decisionnel \">\n\t\t\t\t\t\t\t<div class=\"work-post-gal\"><img src=\"http:\/\/bouassida-associates.com\/wp-content\/uploads\/2014\/01\/projet-cle-main.jpg\" class=\"attachment-slideshow size-slideshow wp-post-image\" alt=\"\" decoding=\"async\" loading=\"lazy\" srcset=\"http:\/\/bouassida-associates.com\/wp-content\/uploads\/2014\/01\/projet-cle-main.jpg 647w, http:\/\/bouassida-associates.com\/wp-content\/uploads\/2014\/01\/projet-cle-main-450x289.jpg 450w, http:\/\/bouassida-associates.com\/wp-content\/uploads\/2014\/01\/projet-cle-main-200x128.jpg 200w, http:\/\/bouassida-associates.com\/wp-content\/uploads\/2014\/01\/projet-cle-main-250x160.jpg 250w, http:\/\/bouassida-associates.com\/wp-content\/uploads\/2014\/01\/projet-cle-main-512x328.jpg 512w\" sizes=\"(max-width: 647px) 100vw, 647px\" \/><div class=\"hover-box\">\n\t\t\t\t\t\t\t\t\t<a class=\"zoom\" href=\"http:\/\/bouassida-associates.com\/wp-content\/uploads\/2014\/01\/projet-cle-main.jpg\"><\/a>\n\t\t\t\t\t\t\t\t\t<a class=\"page\" href=\"http:\/\/bouassida-associates.com\/?tmq-portfolio=project-5\"><\/a>\n\t\t\t\t\t\t\t\t<\/div>\n\t\t\t\t\t\t\t<\/div>\n\t\t\t\t\t\t\t<div class=\"work-post-content\">\n\t\t\t\t\t\t\t\t<h2>Solution BI Cl\u00e9 en main<\/h2>\n\t\t\t\t\t\t\t\t<span>Business Intelligence <\/span>\n\t\t\t\t\t\t\t<\/div>\n\t\t\t\t\t\t<\/div><div class=\"work-post reporting-decisionnel \">\n\t\t\t\t\t\t\t<div class=\"work-post-gal\"><img src=\"http:\/\/bouassida-associates.com\/wp-content\/uploads\/2014\/01\/ad_hoc_analysis-700x420.jpg\" class=\"attachment-slideshow size-slideshow wp-post-image\" alt=\"\" decoding=\"async\" loading=\"lazy\" \/><div class=\"hover-box\">\n\t\t\t\t\t\t\t\t\t<a class=\"zoom\" href=\"http:\/\/bouassida-associates.com\/wp-content\/uploads\/2014\/01\/ad_hoc_analysis-700x544.jpg\"><\/a>\n\t\t\t\t\t\t\t\t\t<a class=\"page\" href=\"http:\/\/bouassida-associates.com\/?tmq-portfolio=project-9\"><\/a>\n\t\t\t\t\t\t\t\t<\/div>\n\t\t\t\t\t\t\t<\/div>\n\t\t\t\t\t\t\t<div class=\"work-post-content\">\n\t\t\t\t\t\t\t\t<h2>Analyse de la rentabilit\u00e9 Clients<\/h2>\n\t\t\t\t\t\t\t\t<span>Business Intelligence <\/span>\n\t\t\t\t\t\t\t<\/div>\n\t\t\t\t\t\t<\/div><div class=\"work-post reporting-decisionnel \">\n\t\t\t\t\t\t\t<div class=\"work-post-gal\"><img src=\"http:\/\/bouassida-associates.com\/wp-content\/uploads\/2017\/04\/SeniorVisualBI-Articole-700x420.png\" class=\"attachment-slideshow size-slideshow wp-post-image\" alt=\"\" decoding=\"async\" loading=\"lazy\" \/><div class=\"hover-box\">\n\t\t\t\t\t\t\t\t\t<a class=\"zoom\" href=\"http:\/\/bouassida-associates.com\/wp-content\/uploads\/2017\/04\/SeniorVisualBI-Articole-700x525.png\"><\/a>\n\t\t\t\t\t\t\t\t\t<a class=\"page\" href=\"http:\/\/bouassida-associates.com\/?tmq-portfolio=analyse-de-portefeuille-et-rentabilite-produits\"><\/a>\n\t\t\t\t\t\t\t\t<\/div>\n\t\t\t\t\t\t\t<\/div>\n\t\t\t\t\t\t\t<div class=\"work-post-content\">\n\t\t\t\t\t\t\t\t<h2>Analyse de portefeuille et rentabilit\u00e9 Produits<\/h2>\n\t\t\t\t\t\t\t\t<span>Business Intelligence <\/span>\n\t\t\t\t\t\t\t<\/div>\n\t\t\t\t\t\t<\/div><div class=\"work-post reporting-decisionnel \">\n\t\t\t\t\t\t\t<div class=\"work-post-gal\"><img src=\"http:\/\/bouassida-associates.com\/wp-content\/uploads\/2017\/04\/continuous-budgeting-300x226.png\" class=\"attachment-slideshow size-slideshow wp-post-image\" alt=\"\" decoding=\"async\" loading=\"lazy\" srcset=\"http:\/\/bouassida-associates.com\/wp-content\/uploads\/2017\/04\/continuous-budgeting-300x226.png 300w, http:\/\/bouassida-associates.com\/wp-content\/uploads\/2017\/04\/continuous-budgeting-300x226-200x151.png 200w, http:\/\/bouassida-associates.com\/wp-content\/uploads\/2017\/04\/continuous-budgeting-300x226-250x188.png 250w\" sizes=\"(max-width: 300px) 100vw, 300px\" \/><div class=\"hover-box\">\n\t\t\t\t\t\t\t\t\t<a class=\"zoom\" href=\"http:\/\/bouassida-associates.com\/wp-content\/uploads\/2017\/04\/continuous-budgeting-300x226.png\"><\/a>\n\t\t\t\t\t\t\t\t\t<a class=\"page\" href=\"http:\/\/bouassida-associates.com\/?tmq-portfolio=budget-reporting\"><\/a>\n\t\t\t\t\t\t\t\t<\/div>\n\t\t\t\t\t\t\t<\/div>\n\t\t\t\t\t\t\t<div class=\"work-post-content\">\n\t\t\t\t\t\t\t\t<h2>Budget Reporting<\/h2>\n\t\t\t\t\t\t\t\t<span>Business Intelligence <\/span>\n\t\t\t\t\t\t\t<\/div>\n\t\t\t\t\t\t<\/div><div class=\"work-post reporting-decisionnel \">\n\t\t\t\t\t\t\t<div class=\"work-post-gal\"><img src=\"http:\/\/bouassida-associates.com\/wp-content\/uploads\/2017\/04\/recrutement-e1516868495996.jpg\" class=\"attachment-slideshow size-slideshow wp-post-image\" alt=\"\" decoding=\"async\" loading=\"lazy\" \/><div class=\"hover-box\">\n\t\t\t\t\t\t\t\t\t<a class=\"zoom\" href=\"http:\/\/bouassida-associates.com\/wp-content\/uploads\/2017\/04\/recrutement-e1516868495996.jpg\"><\/a>\n\t\t\t\t\t\t\t\t\t<a class=\"page\" href=\"http:\/\/bouassida-associates.com\/?tmq-portfolio=developpement-et-outsourcing-de-la-fonction-controle-de-gestion\"><\/a>\n\t\t\t\t\t\t\t\t<\/div>\n\t\t\t\t\t\t\t<\/div>\n\t\t\t\t\t\t\t<div class=\"work-post-content\">\n\t\t\t\t\t\t\t\t<h2>D\u00e9veloppement et outsourcing CG<\/h2>\n\t\t\t\t\t\t\t\t<span>Business Intelligence <\/span>\n\t\t\t\t\t\t\t<\/div>\n\t\t\t\t\t\t<\/div><div class=\"work-post reporting-decisionnel \">\n\t\t\t\t\t\t\t<div class=\"work-post-gal\"><img src=\"http:\/\/bouassida-associates.com\/wp-content\/uploads\/2017\/04\/Formation_CPF_Salaries-e1485964822838.jpg\" class=\"attachment-slideshow size-slideshow wp-post-image\" alt=\"\" decoding=\"async\" loading=\"lazy\" srcset=\"http:\/\/bouassida-associates.com\/wp-content\/uploads\/2017\/04\/Formation_CPF_Salaries-e1485964822838.jpg 600w, http:\/\/bouassida-associates.com\/wp-content\/uploads\/2017\/04\/Formation_CPF_Salaries-e1485964822838-450x300.jpg 450w, http:\/\/bouassida-associates.com\/wp-content\/uploads\/2017\/04\/Formation_CPF_Salaries-e1485964822838-200x133.jpg 200w, http:\/\/bouassida-associates.com\/wp-content\/uploads\/2017\/04\/Formation_CPF_Salaries-e1485964822838-250x167.jpg 250w, http:\/\/bouassida-associates.com\/wp-content\/uploads\/2017\/04\/Formation_CPF_Salaries-e1485964822838-512x341.jpg 512w\" sizes=\"(max-width: 600px) 100vw, 600px\" \/><div class=\"hover-box\">\n\t\t\t\t\t\t\t\t\t<a class=\"zoom\" href=\"http:\/\/bouassida-associates.com\/wp-content\/uploads\/2017\/04\/Formation_CPF_Salaries-e1485964822838.jpg\"><\/a>\n\t\t\t\t\t\t\t\t\t<a class=\"page\" href=\"http:\/\/bouassida-associates.com\/?tmq-portfolio=formation-et-accompagnement\"><\/a>\n\t\t\t\t\t\t\t\t<\/div>\n\t\t\t\t\t\t\t<\/div>\n\t\t\t\t\t\t\t<div class=\"work-post-content\">\n\t\t\t\t\t\t\t\t<h2>Formation et Accompagnement<\/h2>\n\t\t\t\t\t\t\t\t<span>Business Intelligence <\/span>\n\t\t\t\t\t\t\t<\/div>\n\t\t\t\t\t\t<\/div>\n\t<\/div><!--Close Container-->\n\t<\/div><!--Close All-->\n\t\t<\/div> \n\t<\/div> \n<\/div><div class=\"vc_row wpb_row row\">\n\t<div class=\"vc_col-sm-12 wpb_column vc_column_container\">\n\t\t<div class=\"wpb_wrapper\">\n\t\t\t<hr>\n\t\t<\/div> \n\t<\/div> \n<\/div><div class=\"vc_row wpb_row row\">\n\t<div class=\"vc_col-sm-12 wpb_column vc_column_container\">\n\t\t<div class=\"wpb_wrapper\">\n\t\t\t\n\t<div class=\"wpb_text_column wpb_content_element \">\n\t\t<div class=\"wpb_wrapper\">\n\t\t\t<p><strong>Conception et mise en \u0153uvre de syst\u00e8mes d\u00e9cisionnels de pilotage d\u2019entreprise<\/strong><\/p>\n<p>La mise en place de syst\u00e8mes d\u00e9cisionnels de pilotage \u2018cl\u00e9-en-main\u2019 repose sur des m\u00e9thodologies fortes et \u00e9prouv\u00e9es dans de nombreux contextes : pilotage transverse d\u2019entreprise (de la DG jusqu\u2019aux acteurs op\u00e9rationnels), pilotage de la performance RH ou financi\u00e8re, pilotage de l\u2019activit\u00e9 commerciale ou la production\u2026<\/p>\n\n\t\t<\/div> \n\t<\/div> \n\t\t<\/div> \n\t<\/div> \n<\/div><div class=\"vc_row wpb_row row\">\n\t<div class=\"vc_col-sm-12 wpb_column vc_column_container\">\n\t\t<div class=\"wpb_wrapper\">\n\t\t\t\n\t<div class=\"wpb_single_image wpb_content_element vc_align_center\">\n\t\t<div class=\"wpb_wrapper\">\n\t\t\t\n\t\t\t<img width=\"700\" height=\"335\" src=\"http:\/\/bouassida-associates.com\/wp-content\/uploads\/2017\/02\/esinova-bi-700x335.jpg\" class=\" vc_box_border_grey attachment-large\" alt=\"\" decoding=\"async\" loading=\"lazy\" srcset=\"http:\/\/bouassida-associates.com\/wp-content\/uploads\/2017\/02\/esinova-bi-700x335.jpg 700w, http:\/\/bouassida-associates.com\/wp-content\/uploads\/2017\/02\/esinova-bi-450x215.jpg 450w, http:\/\/bouassida-associates.com\/wp-content\/uploads\/2017\/02\/esinova-bi-768x367.jpg 768w, http:\/\/bouassida-associates.com\/wp-content\/uploads\/2017\/02\/esinova-bi-200x96.jpg 200w, http:\/\/bouassida-associates.com\/wp-content\/uploads\/2017\/02\/esinova-bi-250x120.jpg 250w, http:\/\/bouassida-associates.com\/wp-content\/uploads\/2017\/02\/esinova-bi-512x245.jpg 512w, http:\/\/bouassida-associates.com\/wp-content\/uploads\/2017\/02\/esinova-bi.jpg 1418w\" sizes=\"(max-width: 700px) 100vw, 700px\" \/>\n\t\t<\/div> \n\t<\/div> \n\t\t<\/div> \n\t<\/div> \n<\/div><div class=\"vc_row wpb_row row\">\n\t<div class=\"vc_col-sm-12 wpb_column vc_column_container\">\n\t\t<div class=\"wpb_wrapper\">\n\t\t\t<div class=\"clearfix\" style=\"height: 10px\"><\/div>\n\t\t<\/div> \n\t<\/div> \n<\/div><div class=\"vc_row wpb_row row\">\n\t<div class=\"vc_col-sm-6 wpb_column vc_column_container\">\n\t\t<div class=\"wpb_wrapper\">\n\t\t\t\n\t<div class=\"wpb_text_column wpb_content_element \">\n\t\t<div class=\"wpb_wrapper\">\n\t\t\t<p><strong>Notre philosophie<\/strong><\/p>\n<p>Nous sommes convaincus que pour lib\u00e9rer le plus de valeur des silos de donn\u00e9es, il faut transformer l\u2019organisation :<br \/>\nFaire en sorte que chaque membre devienne capable de mettre \u00e0 profit la valeur informationnelle des donn\u00e9es. Que dans chaque m\u00e9tier, chaque proc\u00e9dure, les bonnes donn\u00e9es soient utilis\u00e9es pour am\u00e9liorer la qualit\u00e9 de l\u2019information, et donc de la prise de d\u00e9cision.<\/p>\n<p>La capacit\u00e9 \u00e0 utiliser l\u2019information contenue dans des bases massives et complexes ne doit pas rester aux portes de la soci\u00e9t\u00e9, confin\u00e9e chez quelques experts internes ou externes. Elle doit impr\u00e9gner chaque m\u00e9tier.<\/p>\n<p>C\u2019est pourquoi nos solutions s\u2019adressent aux utilisateurs m\u00e9tier non sp\u00e9cialis\u00e9s pour les aider \u00e0 de travailler en fluidit\u00e9 avec les donn\u00e9es et s\u2019en approprier.<\/p>\n\n\t\t<\/div> \n\t<\/div> \n\t\t<\/div> \n\t<\/div> \n\n\t<div class=\"vc_col-sm-6 wpb_column vc_column_container\">\n\t\t<div class=\"wpb_wrapper\">\n\t\t\t<div class=\"clearfix\" style=\"height: 100px\"><\/div>\n\t<div class=\"wpb_single_image wpb_content_element vc_align_center\">\n\t\t<div class=\"wpb_wrapper\">\n\t\t\t\n\t\t\t<img width=\"300\" height=\"195\" src=\"http:\/\/bouassida-associates.com\/wp-content\/uploads\/2017\/02\/mission-450x293.jpg\" class=\" vc_box_border_grey attachment-medium\" alt=\"\" decoding=\"async\" loading=\"lazy\" srcset=\"http:\/\/bouassida-associates.com\/wp-content\/uploads\/2017\/02\/mission-450x293.jpg 450w, http:\/\/bouassida-associates.com\/wp-content\/uploads\/2017\/02\/mission-768x499.jpg 768w, http:\/\/bouassida-associates.com\/wp-content\/uploads\/2017\/02\/mission-700x455.jpg 700w, http:\/\/bouassida-associates.com\/wp-content\/uploads\/2017\/02\/mission-200x130.jpg 200w, http:\/\/bouassida-associates.com\/wp-content\/uploads\/2017\/02\/mission-250x163.jpg 250w, http:\/\/bouassida-associates.com\/wp-content\/uploads\/2017\/02\/mission-512x333.jpg 512w, http:\/\/bouassida-associates.com\/wp-content\/uploads\/2017\/02\/mission.jpg 1600w\" sizes=\"(max-width: 300px) 100vw, 300px\" \/>\n\t\t<\/div> \n\t<\/div> \n\t\t<\/div> \n\t<\/div> \n<\/div><div class=\"vc_row wpb_row row\">\n\t<div class=\"vc_col-sm-12 wpb_column vc_column_container\">\n\t\t<div class=\"wpb_wrapper\">\n\t\t\t<div class=\"clearfix\" style=\"height: 40px\"><\/div>\n\t\t<\/div> \n\t<\/div> \n<\/div>\n","protected":false},"excerpt":{"rendered":"Une gamme diversifi\u00e9e de formation : Bouassida&amp;Associates et ses partenaires vous propose une panoplie \u00a0de formations orient\u00e9e vers l'autonomie des utilisateurs dans l'optique de D\u00e9couvrez notre expertise en Data Vizualisation Des formations sur mesure.. Afin d'optimiser les diff\u00e9rentes phases d'exploitation des donn\u00e9es nous assurons \u00a0le transfert du savoir faire \u00a0de l'exploitation optimis\u00e9e des donn\u00e9es, Que [...]","protected":false},"author":1,"featured_media":0,"parent":0,"menu_order":0,"comment_status":"closed","ping_status":"closed","template":"","meta":[],"_links":{"self":[{"href":"http:\/\/bouassida-associates.com\/index.php?rest_route=\/wp\/v2\/pages\/849"}],"collection":[{"href":"http:\/\/bouassida-associates.com\/index.php?rest_route=\/wp\/v2\/pages"}],"about":[{"href":"http:\/\/bouassida-associates.com\/index.php?rest_route=\/wp\/v2\/types\/page"}],"author":[{"embeddable":true,"href":"http:\/\/bouassida-associates.com\/index.php?rest_route=\/wp\/v2\/users\/1"}],"replies":[{"embeddable":true,"href":"http:\/\/bouassida-associates.com\/index.php?rest_route=%2Fwp%2Fv2%2Fcomments&post=849"}],"version-history":[{"count":50,"href":"http:\/\/bouassida-associates.com\/index.php?rest_route=\/wp\/v2\/pages\/849\/revisions"}],"predecessor-version":[{"id":1040,"href":"http:\/\/bouassida-associates.com\/index.php?rest_route=\/wp\/v2\/pages\/849\/revisions\/1040"}],"wp:attachment":[{"href":"http:\/\/bouassida-associates.com\/index.php?rest_route=%2Fwp%2Fv2%2Fmedia&parent=849"}],"curies":[{"name":"wp","href":"https:\/\/api.w.org\/{rel}","templated":true}]}}